{"id":7976,"date":"2026-04-03T14:27:35","date_gmt":"2026-04-03T12:27:35","guid":{"rendered":"https:\/\/www.evaporation.fr\/?page_id=7976"},"modified":"2026-04-03T14:28:04","modified_gmt":"2026-04-03T12:28:04","slug":"france-evaporation-concentrated-solutions-2","status":"publish","type":"page","link":"https:\/\/www.evaporation.fr\/en\/france-evaporation-concentrated-solutions-2\/","title":{"rendered":"France Evaporation &#8211; Concentrated solutions"},"content":{"rendered":"\t\t<div data-elementor-type=\"wp-page\" data-elementor-id=\"7976\" class=\"elementor elementor-7976 elementor-7975\" data-elementor-post-type=\"page\">\n\t\t\t\t<div class=\"elementor-element elementor-element-17c71f1b e-con-full e-flex e-con e-parent\" data-id=\"17c71f1b\" data-element_type=\"container\" data-e-type=\"container\" data-settings=\"{&quot;background_background&quot;:&quot;classic&quot;,&quot;jet_parallax_layout_list&quot;:[]}\">\n\t\t\t\t<div class=\"elementor-element elementor-element-70980a6f elementor-widget elementor-widget-heading\" data-id=\"70980a6f\" data-element_type=\"widget\" data-e-type=\"widget\" data-widget_type=\"heading.default\">\n\t\t\t\t\t<h1 class=\"elementor-heading-title elementor-size-default\">Pratiques environnementales &amp; sociales<\/h1>\t\t\t\t<\/div>\n\t\t\t\t<div class=\"elementor-element elementor-element-20e69afd elementor-widget__width-initial elementor-widget elementor-widget-text-editor\" data-id=\"20e69afd\" data-element_type=\"widget\" data-e-type=\"widget\" data-widget_type=\"text-editor.default\">\n\t\t\t\t\t\t\t\t\t<div>Dans le cadre de notre d\u00e9marche de responsabilit\u00e9 environnementale et sociale, nous souhaitons renforcer la transparence et le dialogue avec l\u2019ensemble de nos partenaires.<br \/>Nos fournisseurs jouent un r\u00f4le essentiel dans la performance globale et la durabilit\u00e9 de nos activit\u00e9s.<\/div>\t\t\t\t\t\t\t\t<\/div>\n\t\t\t\t<\/div>\n\t\t<div class=\"elementor-element elementor-element-2d93a0d e-con-full e-flex e-con e-parent\" data-id=\"2d93a0d\" data-element_type=\"container\" data-e-type=\"container\" data-settings=\"{&quot;background_background&quot;:&quot;classic&quot;,&quot;jet_parallax_layout_list&quot;:[]}\">\n\t\t<div class=\"elementor-element elementor-element-c1149a5 e-con-full e-flex e-con e-child\" data-id=\"c1149a5\" data-element_type=\"container\" data-e-type=\"container\" data-settings=\"{&quot;jet_parallax_layout_list&quot;:[]}\">\n\t\t<div class=\"elementor-element elementor-element-aa1fed6 e-con-full e-flex e-con e-child\" data-id=\"aa1fed6\" data-element_type=\"container\" data-e-type=\"container\" data-settings=\"{&quot;jet_parallax_layout_list&quot;:[]}\">\n\t\t\t\t<div class=\"elementor-element elementor-element-7f708c8 elementor-widget elementor-widget-text-editor\" data-id=\"7f708c8\" data-element_type=\"widget\" data-e-type=\"widget\" data-widget_type=\"text-editor.default\">\n\t\t\t\t\t\t\t\t\t<p>FE by France \u00c9vaporation vous invite \u00e0 compl\u00e9ter ce formulaire d\u2019auto\u2011\u00e9valuation, destin\u00e9 \u00e0 mieux comprendre vos pratiques environnementales et sociales.<\/p><p>Cette d\u00e9marche nous permettra :<\/p><ul><li>d\u2019identifier les bonnes pratiques existantes,<\/li><li>de progresser ensemble sur les enjeux ESG,<\/li><li>et de construire des partenariats durables, responsables et align\u00e9s avec nos valeurs communes.<\/li><\/ul><p>Le questionnaire ne n\u00e9cessite que quelques minutes et vos r\u00e9ponses seront trait\u00e9es de mani\u00e8re confidentielle.<br \/>Il ne s\u2019agit pas d\u2019un outil de notation, mais d\u2019un levier de progr\u00e8s et de collaboration.<\/p><p>Nous vous remercions par avance de votre participation et de votre engagement \u00e0 nos c\u00f4t\u00e9s.<\/p><p>\ud83d\udc49 Acc\u00e9der au formulaire :<\/p>\t\t\t\t\t\t\t\t<\/div>\n\t\t\t\t<\/div>\n\t\t\t\t<\/div>\n\t\t\t\t<\/div>\n\t\t\t\t<\/div>\n\t\t","protected":false},"excerpt":{"rendered":"<p>Pratiques environnementales &amp; sociales Dans le cadre de notre d\u00e9marche de responsabilit\u00e9 environnementale et sociale, nous souhaitons renforcer la transparence et le dialogue avec l\u2019ensemble de nos partenaires.Nos fournisseurs jouent un r\u00f4le essentiel dans la performance globale et la durabilit\u00e9 de nos activit\u00e9s. FE by France \u00c9vaporation vous invite \u00e0 compl\u00e9ter ce formulaire d\u2019auto\u2011\u00e9valuation, destin\u00e9 [&hellip;]<\/p>\n","protected":false},"author":10,"featured_media":0,"parent":0,"menu_order":4,"comment_status":"closed","ping_status":"closed","template":"","meta":{"footnotes":""},"class_list":["post-7976","page","type-page","status-publish","hentry"],"yoast_head":"<!-- This site is optimized with the Yoast SEO plugin v27.2 - https:\/\/yoast.com\/product\/yoast-seo-wordpress\/ -->\n<title>France Evaporation - Concentrated solutions - France \u00c9vaporation<\/title>\n<meta name=\"description\" content=\"With over 20 years&#039; experience and 100 installations, France Evaporation designs, tests and builds turnkey industrial evaporation plants,\" \/>\n<meta name=\"robots\" content=\"index, follow, max-snippet:-1, max-image-preview:large, max-video-preview:-1\" \/>\n<link rel=\"canonical\" href=\"https:\/\/www.evaporation.fr\/en\/france-evaporation-concentrated-solutions-2\/\" \/>\n<meta property=\"og:locale\" content=\"en_US\" \/>\n<meta property=\"og:type\" content=\"article\" \/>\n<meta property=\"og:title\" content=\"France Evaporation - Concentrated solutions - France \u00c9vaporation\" \/>\n<meta property=\"og:description\" content=\"With over 20 years&#039; experience and 100 installations, France Evaporation designs, tests and builds turnkey industrial evaporation plants,\" \/>\n<meta property=\"og:url\" content=\"https:\/\/www.evaporation.fr\/en\/france-evaporation-concentrated-solutions-2\/\" \/>\n<meta property=\"og:site_name\" content=\"France \u00c9vaporation\" \/>\n<meta property=\"article:publisher\" content=\"https:\/\/www.facebook.com\/FranceEvaporation\" \/>\n<meta property=\"article:modified_time\" content=\"2026-04-03T12:28:04+00:00\" \/>\n<meta property=\"og:image\" content=\"https:\/\/www.evaporation.fr\/wp-content\/uploads\/media\/jce\/icons\/pdf.png\" \/>\n\t<meta property=\"og:image:width\" content=\"20\" \/>\n\t<meta property=\"og:image:height\" content=\"20\" \/>\n\t<meta property=\"og:image:type\" content=\"image\/png\" \/>\n<meta name=\"twitter:card\" content=\"summary_large_image\" \/>\n<meta name=\"twitter:label1\" content=\"Est. reading time\" \/>\n\t<meta name=\"twitter:data1\" content=\"1 minute\" \/>\n<script type=\"application\/ld+json\" class=\"yoast-schema-graph\">{\"@context\":\"https:\/\/schema.org\",\"@graph\":[{\"@type\":\"WebPage\",\"@id\":\"https:\/\/www.evaporation.fr\/en\/france-evaporation-concentrated-solutions-2\/\",\"url\":\"https:\/\/www.evaporation.fr\/en\/france-evaporation-concentrated-solutions-2\/\",\"name\":\"France Evaporation - Concentrated solutions - France \u00c9vaporation\",\"isPartOf\":{\"@id\":\"https:\/\/www.evaporation.fr\/en\/#website\"},\"datePublished\":\"2026-04-03T12:27:35+00:00\",\"dateModified\":\"2026-04-03T12:28:04+00:00\",\"description\":\"With over 20 years' experience and 100 installations, France Evaporation designs, tests and builds turnkey industrial evaporation plants,\",\"breadcrumb\":{\"@id\":\"https:\/\/www.evaporation.fr\/en\/france-evaporation-concentrated-solutions-2\/#breadcrumb\"},\"inLanguage\":\"en-US\",\"potentialAction\":[{\"@type\":\"ReadAction\",\"target\":[\"https:\/\/www.evaporation.fr\/en\/france-evaporation-concentrated-solutions-2\/\"]}]},{\"@type\":\"BreadcrumbList\",\"@id\":\"https:\/\/www.evaporation.fr\/en\/france-evaporation-concentrated-solutions-2\/#breadcrumb\",\"itemListElement\":[{\"@type\":\"ListItem\",\"position\":1,\"name\":\"Home\",\"item\":\"https:\/\/www.evaporation.fr\/en\/concentrate-of-solutions\/\"},{\"@type\":\"ListItem\",\"position\":2,\"name\":\"France Evaporation &#8211; Concentrated solutions\"}]},{\"@type\":\"WebSite\",\"@id\":\"https:\/\/www.evaporation.fr\/en\/#website\",\"url\":\"https:\/\/www.evaporation.fr\/en\/\",\"name\":\"France \u00c9vaporation\",\"description\":\"Concentr\u00e9 de solutions\",\"publisher\":{\"@id\":\"https:\/\/www.evaporation.fr\/en\/#organization\"},\"potentialAction\":[{\"@type\":\"SearchAction\",\"target\":{\"@type\":\"EntryPoint\",\"urlTemplate\":\"https:\/\/www.evaporation.fr\/en\/?s={search_term_string}\"},\"query-input\":{\"@type\":\"PropertyValueSpecification\",\"valueRequired\":true,\"valueName\":\"search_term_string\"}}],\"inLanguage\":\"en-US\"},{\"@type\":\"Organization\",\"@id\":\"https:\/\/www.evaporation.fr\/en\/#organization\",\"name\":\"France \u00c9vaporation\",\"url\":\"https:\/\/www.evaporation.fr\/en\/\",\"logo\":{\"@type\":\"ImageObject\",\"inLanguage\":\"en-US\",\"@id\":\"https:\/\/www.evaporation.fr\/en\/#\/schema\/logo\/image\/\",\"url\":\"https:\/\/www.evaporation.fr\/wp-content\/uploads\/fe-logo.svg\",\"contentUrl\":\"https:\/\/www.evaporation.fr\/wp-content\/uploads\/fe-logo.svg\",\"width\":131,\"height\":60,\"caption\":\"France \u00c9vaporation\"},\"image\":{\"@id\":\"https:\/\/www.evaporation.fr\/en\/#\/schema\/logo\/image\/\"},\"sameAs\":[\"https:\/\/www.facebook.com\/FranceEvaporation\",\"https:\/\/www.linkedin.com\/company\/3760850\/\",\"https:\/\/www.youtube.com\/@franceevaporation3610\"]}]}<\/script>\n<!-- \/ Yoast SEO plugin. -->","yoast_head_json":{"title":"France Evaporation - Concentrated solutions - France \u00c9vaporation","description":"With over 20 years' experience and 100 installations, France Evaporation designs, tests and builds turnkey industrial evaporation plants,","robots":{"index":"index","follow":"follow","max-snippet":"max-snippet:-1","max-image-preview":"max-image-preview:large","max-video-preview":"max-video-preview:-1"},"canonical":"https:\/\/www.evaporation.fr\/en\/france-evaporation-concentrated-solutions-2\/","og_locale":"en_US","og_type":"article","og_title":"France Evaporation - Concentrated solutions - France \u00c9vaporation","og_description":"With over 20 years' experience and 100 installations, France Evaporation designs, tests and builds turnkey industrial evaporation plants,","og_url":"https:\/\/www.evaporation.fr\/en\/france-evaporation-concentrated-solutions-2\/","og_site_name":"France \u00c9vaporation","article_publisher":"https:\/\/www.facebook.com\/FranceEvaporation","article_modified_time":"2026-04-03T12:28:04+00:00","og_image":[{"width":20,"height":20,"url":"https:\/\/www.evaporation.fr\/wp-content\/uploads\/media\/jce\/icons\/pdf.png","type":"image\/png"}],"twitter_card":"summary_large_image","twitter_misc":{"Est. reading time":"1 minute"},"schema":{"@context":"https:\/\/schema.org","@graph":[{"@type":"WebPage","@id":"https:\/\/www.evaporation.fr\/en\/france-evaporation-concentrated-solutions-2\/","url":"https:\/\/www.evaporation.fr\/en\/france-evaporation-concentrated-solutions-2\/","name":"France Evaporation - Concentrated solutions - France \u00c9vaporation","isPartOf":{"@id":"https:\/\/www.evaporation.fr\/en\/#website"},"datePublished":"2026-04-03T12:27:35+00:00","dateModified":"2026-04-03T12:28:04+00:00","description":"With over 20 years' experience and 100 installations, France Evaporation designs, tests and builds turnkey industrial evaporation plants,","breadcrumb":{"@id":"https:\/\/www.evaporation.fr\/en\/france-evaporation-concentrated-solutions-2\/#breadcrumb"},"inLanguage":"en-US","potentialAction":[{"@type":"ReadAction","target":["https:\/\/www.evaporation.fr\/en\/france-evaporation-concentrated-solutions-2\/"]}]},{"@type":"BreadcrumbList","@id":"https:\/\/www.evaporation.fr\/en\/france-evaporation-concentrated-solutions-2\/#breadcrumb","itemListElement":[{"@type":"ListItem","position":1,"name":"Home","item":"https:\/\/www.evaporation.fr\/en\/concentrate-of-solutions\/"},{"@type":"ListItem","position":2,"name":"France Evaporation &#8211; Concentrated solutions"}]},{"@type":"WebSite","@id":"https:\/\/www.evaporation.fr\/en\/#website","url":"https:\/\/www.evaporation.fr\/en\/","name":"France \u00c9vaporation","description":"Concentr\u00e9 de solutions","publisher":{"@id":"https:\/\/www.evaporation.fr\/en\/#organization"},"potentialAction":[{"@type":"SearchAction","target":{"@type":"EntryPoint","urlTemplate":"https:\/\/www.evaporation.fr\/en\/?s={search_term_string}"},"query-input":{"@type":"PropertyValueSpecification","valueRequired":true,"valueName":"search_term_string"}}],"inLanguage":"en-US"},{"@type":"Organization","@id":"https:\/\/www.evaporation.fr\/en\/#organization","name":"France \u00c9vaporation","url":"https:\/\/www.evaporation.fr\/en\/","logo":{"@type":"ImageObject","inLanguage":"en-US","@id":"https:\/\/www.evaporation.fr\/en\/#\/schema\/logo\/image\/","url":"https:\/\/www.evaporation.fr\/wp-content\/uploads\/fe-logo.svg","contentUrl":"https:\/\/www.evaporation.fr\/wp-content\/uploads\/fe-logo.svg","width":131,"height":60,"caption":"France \u00c9vaporation"},"image":{"@id":"https:\/\/www.evaporation.fr\/en\/#\/schema\/logo\/image\/"},"sameAs":["https:\/\/www.facebook.com\/FranceEvaporation","https:\/\/www.linkedin.com\/company\/3760850\/","https:\/\/www.youtube.com\/@franceevaporation3610"]}]}},"_links":{"self":[{"href":"https:\/\/www.evaporation.fr\/en\/wp-json\/wp\/v2\/pages\/7976","targetHints":{"allow":["GET"]}}],"collection":[{"href":"https:\/\/www.evaporation.fr\/en\/wp-json\/wp\/v2\/pages"}],"about":[{"href":"https:\/\/www.evaporation.fr\/en\/wp-json\/wp\/v2\/types\/page"}],"author":[{"embeddable":true,"href":"https:\/\/www.evaporation.fr\/en\/wp-json\/wp\/v2\/users\/10"}],"replies":[{"embeddable":true,"href":"https:\/\/www.evaporation.fr\/en\/wp-json\/wp\/v2\/comments?post=7976"}],"version-history":[{"count":2,"href":"https:\/\/www.evaporation.fr\/en\/wp-json\/wp\/v2\/pages\/7976\/revisions"}],"predecessor-version":[{"id":7997,"href":"https:\/\/www.evaporation.fr\/en\/wp-json\/wp\/v2\/pages\/7976\/revisions\/7997"}],"wp:attachment":[{"href":"https:\/\/www.evaporation.fr\/en\/wp-json\/wp\/v2\/media?parent=7976"}],"curies":[{"name":"wp","href":"https:\/\/api.w.org\/{rel}","templated":true}]}}