{"id":165,"date":"2014-10-22T12:26:14","date_gmt":"2014-10-22T10:26:14","guid":{"rendered":"https:\/\/www.evaporation.fr\/stirred-reactor\/"},"modified":"2025-10-10T17:09:20","modified_gmt":"2025-10-10T15:09:20","slug":"stirred-reactor","status":"publish","type":"page","link":"https:\/\/www.evaporation.fr\/en\/technologies\/crystallization\/stirred-reactor\/","title":{"rendered":"Stirred reactor"},"content":{"rendered":"\t\t<div data-elementor-type=\"wp-page\" data-elementor-id=\"165\" class=\"elementor elementor-165 elementor-92\" data-elementor-post-type=\"page\">\n\t\t\t\t<div class=\"elementor-element elementor-element-5ef61388 e-con-full e-flex e-con e-parent\" data-id=\"5ef61388\" data-element_type=\"container\" data-e-type=\"container\" data-settings=\"{&quot;background_background&quot;:&quot;classic&quot;,&quot;jet_parallax_layout_list&quot;:[]}\">\n\t\t\t\t<div class=\"elementor-element elementor-element-7a747775 elementor-widget elementor-widget-heading\" data-id=\"7a747775\" data-element_type=\"widget\" data-e-type=\"widget\" data-widget_type=\"heading.default\">\n\t\t\t\t\t<h1 class=\"elementor-heading-title elementor-size-default\">Stirred reactor<\/h1>\t\t\t\t<\/div>\n\t\t\t\t<div class=\"elementor-element elementor-element-40184687 elementor-widget__width-initial elementor-hidden-desktop elementor-hidden-laptop elementor-hidden-tablet_extra elementor-hidden-tablet elementor-hidden-mobile elementor-widget elementor-widget-text-editor\" data-id=\"40184687\" data-element_type=\"widget\" data-e-type=\"widget\" data-widget_type=\"text-editor.default\">\n\t\t\t\t\t\t\t\t\t<p>The falling <strong>film evaporation technology <\/strong> has several economic and industrial benefits. The capacity of these units can range from 10 k\/hr to more than 100 t\/hr. <\/p>\t\t\t\t\t\t\t\t<\/div>\n\t\t\t\t<\/div>\n\t\t<div class=\"elementor-element elementor-element-6ab107e9 e-flex e-con-boxed e-con e-parent\" data-id=\"6ab107e9\" data-element_type=\"container\" data-e-type=\"container\" data-settings=\"{&quot;background_background&quot;:&quot;classic&quot;,&quot;jet_parallax_layout_list&quot;:[]}\">\n\t\t\t\t\t<div class=\"e-con-inner\">\n\t\t\t\t<div class=\"elementor-element elementor-element-7f051f11 elementor-widget elementor-widget-breadcrumbs\" data-id=\"7f051f11\" data-element_type=\"widget\" data-e-type=\"widget\" data-widget_type=\"breadcrumbs.default\">\n\t\t\t\t\t<p id=\"breadcrumbs\"><span><span><a href=\"https:\/\/www.evaporation.fr\/en\/concentrate-of-solutions\/\">Home<\/a><\/span><\/span><\/p>\t\t\t\t<\/div>\n\t\t<div class=\"elementor-element elementor-element-1922dfc3 e-con-full e-flex e-con e-child\" data-id=\"1922dfc3\" data-element_type=\"container\" data-e-type=\"container\" data-settings=\"{&quot;jet_parallax_layout_list&quot;:[]}\">\n\t\t\t\t<div class=\"elementor-element elementor-element-11df16a9 elementor-widget-laptop__width-initial elementor-widget elementor-widget-image\" data-id=\"11df16a9\" data-element_type=\"widget\" data-e-type=\"widget\" data-widget_type=\"image.default\">\n\t\t\t\t\t\t\t\t\t\t\t\t<figure class=\"wp-caption\">\n\t\t\t\t\t\t\t\t\t\t<img decoding=\"async\" src=\"https:\/\/www.evaporation.fr\/wp-content\/uploads\/elementor\/thumbs\/08-ReacteurAgite-3D-Front-r94wqot5qfir8iabsa1hj4uiomjzl6xhhlktxsmhsw.png\" title=\"08 ReacteurAgite &#8211; 3D-Front\" alt=\"08 ReacteurAgite - 3D-Front\" loading=\"lazy\" \/>\t\t\t\t\t\t\t\t\t\t\t<figcaption class=\"widget-image-caption wp-caption-text\">Example of a stirred reactor<\/figcaption>\n\t\t\t\t\t\t\t\t\t\t<\/figure>\n\t\t\t\t\t\t\t\t\t<\/div>\n\t\t<div class=\"elementor-element elementor-element-30766c7b e-con-full e-flex e-con e-child\" data-id=\"30766c7b\" data-element_type=\"container\" data-e-type=\"container\" data-settings=\"{&quot;jet_parallax_layout_list&quot;:[]}\">\n\t\t<div class=\"elementor-element elementor-element-70c9a8c7 e-con-full e-flex e-con e-child\" data-id=\"70c9a8c7\" data-element_type=\"container\" data-e-type=\"container\" data-settings=\"{&quot;jet_parallax_layout_list&quot;:[]}\">\n\t\t\t\t<div class=\"elementor-element elementor-element-7a08efb3 elementor-widget elementor-widget-text-editor\" data-id=\"7a08efb3\" data-element_type=\"widget\" data-e-type=\"widget\" data-widget_type=\"text-editor.default\">\n\t\t\t\t\t\t\t\t\t<p>Often used for relatively low flow rates, <strong>stirred reactor technology <\/strong>is not continuous but is launched in batch mode.<\/p>\n<p><strong>FE<\/strong>&nbsp;develops production processes based on this technology, as well as more sophisticated units for research or testing purposes, for smaller volumes.FEd\u00e9veloppe des process de production sur cette technologie mais aussi des unit\u00e9s plus sophistiqu\u00e9es, destin\u00e9es \u00e0 la recherche ou aux tests, sur de plus faibles volumes.<\/p>\t\t\t\t\t\t\t\t<\/div>\n\t\t\t\t<\/div>\n\t\t\t\t<\/div>\n\t\t\t\t<\/div>\n\t\t\t\t\t<\/div>\n\t\t\t\t<\/div>\n\t\t\t\t<\/div>\n\t\t","protected":false},"excerpt":{"rendered":"<p>Stirred reactor The falling film evaporation technology has several economic and industrial benefits. The capacity of these units can range from 10 k\/hr to more than 100 t\/hr. Example of a stirred reactor Often used for relatively low flow rates, stirred reactor technology is not continuous but is launched in batch mode. FE&nbsp;develops production processes [&hellip;]<\/p>\n","protected":false},"author":1,"featured_media":0,"parent":727,"menu_order":6,"comment_status":"closed","ping_status":"closed","template":"","meta":{"footnotes":""},"class_list":["post-165","page","type-page","status-publish","hentry"],"yoast_head":"<!-- This site is optimized with the Yoast SEO plugin v27.5 - https:\/\/yoast.com\/product\/yoast-seo-wordpress\/ -->\n<title>Stirred reactor - France \u00c9vaporation<\/title>\n<meta name=\"description\" content=\"France Evaporation is developing production processes based on stirred reactors, as well as more sophisticated units for research or testing.\" \/>\n<meta name=\"robots\" content=\"index, follow, max-snippet:-1, max-image-preview:large, max-video-preview:-1\" \/>\n<link rel=\"canonical\" href=\"https:\/\/www.evaporation.fr\/en\/technologies\/crystallization\/stirred-reactor\/\" \/>\n<meta property=\"og:locale\" content=\"en_US\" \/>\n<meta property=\"og:type\" content=\"article\" \/>\n<meta property=\"og:title\" content=\"Stirred reactor - France \u00c9vaporation\" \/>\n<meta property=\"og:description\" content=\"France Evaporation is developing production processes based on stirred reactors, as well as more sophisticated units for research or testing.\" \/>\n<meta property=\"og:url\" content=\"https:\/\/www.evaporation.fr\/en\/technologies\/crystallization\/stirred-reactor\/\" \/>\n<meta property=\"og:site_name\" content=\"France \u00c9vaporation\" \/>\n<meta property=\"article:publisher\" content=\"https:\/\/www.facebook.com\/FranceEvaporation\" \/>\n<meta property=\"article:modified_time\" content=\"2025-10-10T15:09:20+00:00\" \/>\n<meta property=\"og:image\" content=\"https:\/\/www.evaporation.fr\/wp-content\/uploads\/elementor\/thumbs\/08-ReacteurAgite-3D-Front-r94wqot5qfir8iabsa1hj4uiomjzl6xhhlktxsmhsw.png\" \/>\n<meta name=\"twitter:card\" content=\"summary_large_image\" \/>\n<meta name=\"twitter:label1\" content=\"Est. reading time\" \/>\n\t<meta name=\"twitter:data1\" content=\"1 minute\" \/>\n<script type=\"application\/ld+json\" class=\"yoast-schema-graph\">{\"@context\":\"https:\\\/\\\/schema.org\",\"@graph\":[{\"@type\":\"WebPage\",\"@id\":\"https:\\\/\\\/www.evaporation.fr\\\/en\\\/technologies\\\/crystallization\\\/stirred-reactor\\\/\",\"url\":\"https:\\\/\\\/www.evaporation.fr\\\/en\\\/technologies\\\/crystallization\\\/stirred-reactor\\\/\",\"name\":\"Stirred reactor - France \u00c9vaporation\",\"isPartOf\":{\"@id\":\"https:\\\/\\\/www.evaporation.fr\\\/en\\\/#website\"},\"primaryImageOfPage\":{\"@id\":\"https:\\\/\\\/www.evaporation.fr\\\/en\\\/technologies\\\/crystallization\\\/stirred-reactor\\\/#primaryimage\"},\"image\":{\"@id\":\"https:\\\/\\\/www.evaporation.fr\\\/en\\\/technologies\\\/crystallization\\\/stirred-reactor\\\/#primaryimage\"},\"thumbnailUrl\":\"https:\\\/\\\/www.evaporation.fr\\\/wp-content\\\/uploads\\\/elementor\\\/thumbs\\\/08-ReacteurAgite-3D-Front-r94wqot5qfir8iabsa1hj4uiomjzl6xhhlktxsmhsw.png\",\"datePublished\":\"2014-10-22T10:26:14+00:00\",\"dateModified\":\"2025-10-10T15:09:20+00:00\",\"description\":\"France Evaporation is developing production processes based on stirred reactors, as well as more sophisticated units for research or testing.\",\"breadcrumb\":{\"@id\":\"https:\\\/\\\/www.evaporation.fr\\\/en\\\/technologies\\\/crystallization\\\/stirred-reactor\\\/#breadcrumb\"},\"inLanguage\":\"en-US\",\"potentialAction\":[{\"@type\":\"ReadAction\",\"target\":[\"https:\\\/\\\/www.evaporation.fr\\\/en\\\/technologies\\\/crystallization\\\/stirred-reactor\\\/\"]}]},{\"@type\":\"ImageObject\",\"inLanguage\":\"en-US\",\"@id\":\"https:\\\/\\\/www.evaporation.fr\\\/en\\\/technologies\\\/crystallization\\\/stirred-reactor\\\/#primaryimage\",\"url\":\"https:\\\/\\\/www.evaporation.fr\\\/wp-content\\\/uploads\\\/elementor\\\/thumbs\\\/08-ReacteurAgite-3D-Front-r94wqot5qfir8iabsa1hj4uiomjzl6xhhlktxsmhsw.png\",\"contentUrl\":\"https:\\\/\\\/www.evaporation.fr\\\/wp-content\\\/uploads\\\/elementor\\\/thumbs\\\/08-ReacteurAgite-3D-Front-r94wqot5qfir8iabsa1hj4uiomjzl6xhhlktxsmhsw.png\"},{\"@type\":\"BreadcrumbList\",\"@id\":\"https:\\\/\\\/www.evaporation.fr\\\/en\\\/technologies\\\/crystallization\\\/stirred-reactor\\\/#breadcrumb\",\"itemListElement\":[{\"@type\":\"ListItem\",\"position\":1,\"name\":\"Home\",\"item\":\"https:\\\/\\\/www.evaporation.fr\\\/en\\\/concentrate-of-solutions\\\/\"},{\"@type\":\"ListItem\",\"position\":2,\"name\":\"Technologies\",\"item\":\"https:\\\/\\\/www.evaporation.fr\\\/en\\\/technologies\\\/\"},{\"@type\":\"ListItem\",\"position\":3,\"name\":\"Crystallization\",\"item\":\"https:\\\/\\\/www.evaporation.fr\\\/en\\\/technologies\\\/crystallization\\\/\"},{\"@type\":\"ListItem\",\"position\":4,\"name\":\"Stirred reactor\"}]},{\"@type\":\"WebSite\",\"@id\":\"https:\\\/\\\/www.evaporation.fr\\\/en\\\/#website\",\"url\":\"https:\\\/\\\/www.evaporation.fr\\\/en\\\/\",\"name\":\"France \u00c9vaporation\",\"description\":\"Concentr\u00e9 de solutions\",\"publisher\":{\"@id\":\"https:\\\/\\\/www.evaporation.fr\\\/en\\\/#organization\"},\"potentialAction\":[{\"@type\":\"SearchAction\",\"target\":{\"@type\":\"EntryPoint\",\"urlTemplate\":\"https:\\\/\\\/www.evaporation.fr\\\/en\\\/?s={search_term_string}\"},\"query-input\":{\"@type\":\"PropertyValueSpecification\",\"valueRequired\":true,\"valueName\":\"search_term_string\"}}],\"inLanguage\":\"en-US\"},{\"@type\":\"Organization\",\"@id\":\"https:\\\/\\\/www.evaporation.fr\\\/en\\\/#organization\",\"name\":\"France \u00c9vaporation\",\"url\":\"https:\\\/\\\/www.evaporation.fr\\\/en\\\/\",\"logo\":{\"@type\":\"ImageObject\",\"inLanguage\":\"en-US\",\"@id\":\"https:\\\/\\\/www.evaporation.fr\\\/en\\\/#\\\/schema\\\/logo\\\/image\\\/\",\"url\":\"https:\\\/\\\/www.evaporation.fr\\\/wp-content\\\/uploads\\\/fe-logo.svg\",\"contentUrl\":\"https:\\\/\\\/www.evaporation.fr\\\/wp-content\\\/uploads\\\/fe-logo.svg\",\"width\":131,\"height\":60,\"caption\":\"France \u00c9vaporation\"},\"image\":{\"@id\":\"https:\\\/\\\/www.evaporation.fr\\\/en\\\/#\\\/schema\\\/logo\\\/image\\\/\"},\"sameAs\":[\"https:\\\/\\\/www.facebook.com\\\/FranceEvaporation\",\"https:\\\/\\\/www.linkedin.com\\\/company\\\/3760850\\\/\",\"https:\\\/\\\/www.youtube.com\\\/@franceevaporation3610\"]}]}<\/script>\n<!-- \/ Yoast SEO plugin. -->","yoast_head_json":{"title":"Stirred reactor - France \u00c9vaporation","description":"France Evaporation is developing production processes based on stirred reactors, as well as more sophisticated units for research or testing.","robots":{"index":"index","follow":"follow","max-snippet":"max-snippet:-1","max-image-preview":"max-image-preview:large","max-video-preview":"max-video-preview:-1"},"canonical":"https:\/\/www.evaporation.fr\/en\/technologies\/crystallization\/stirred-reactor\/","og_locale":"en_US","og_type":"article","og_title":"Stirred reactor - France \u00c9vaporation","og_description":"France Evaporation is developing production processes based on stirred reactors, as well as more sophisticated units for research or testing.","og_url":"https:\/\/www.evaporation.fr\/en\/technologies\/crystallization\/stirred-reactor\/","og_site_name":"France \u00c9vaporation","article_publisher":"https:\/\/www.facebook.com\/FranceEvaporation","article_modified_time":"2025-10-10T15:09:20+00:00","og_image":[{"url":"https:\/\/www.evaporation.fr\/wp-content\/uploads\/elementor\/thumbs\/08-ReacteurAgite-3D-Front-r94wqot5qfir8iabsa1hj4uiomjzl6xhhlktxsmhsw.png","type":"","width":"","height":""}],"twitter_card":"summary_large_image","twitter_misc":{"Est. reading time":"1 minute"},"schema":{"@context":"https:\/\/schema.org","@graph":[{"@type":"WebPage","@id":"https:\/\/www.evaporation.fr\/en\/technologies\/crystallization\/stirred-reactor\/","url":"https:\/\/www.evaporation.fr\/en\/technologies\/crystallization\/stirred-reactor\/","name":"Stirred reactor - France \u00c9vaporation","isPartOf":{"@id":"https:\/\/www.evaporation.fr\/en\/#website"},"primaryImageOfPage":{"@id":"https:\/\/www.evaporation.fr\/en\/technologies\/crystallization\/stirred-reactor\/#primaryimage"},"image":{"@id":"https:\/\/www.evaporation.fr\/en\/technologies\/crystallization\/stirred-reactor\/#primaryimage"},"thumbnailUrl":"https:\/\/www.evaporation.fr\/wp-content\/uploads\/elementor\/thumbs\/08-ReacteurAgite-3D-Front-r94wqot5qfir8iabsa1hj4uiomjzl6xhhlktxsmhsw.png","datePublished":"2014-10-22T10:26:14+00:00","dateModified":"2025-10-10T15:09:20+00:00","description":"France Evaporation is developing production processes based on stirred reactors, as well as more sophisticated units for research or testing.","breadcrumb":{"@id":"https:\/\/www.evaporation.fr\/en\/technologies\/crystallization\/stirred-reactor\/#breadcrumb"},"inLanguage":"en-US","potentialAction":[{"@type":"ReadAction","target":["https:\/\/www.evaporation.fr\/en\/technologies\/crystallization\/stirred-reactor\/"]}]},{"@type":"ImageObject","inLanguage":"en-US","@id":"https:\/\/www.evaporation.fr\/en\/technologies\/crystallization\/stirred-reactor\/#primaryimage","url":"https:\/\/www.evaporation.fr\/wp-content\/uploads\/elementor\/thumbs\/08-ReacteurAgite-3D-Front-r94wqot5qfir8iabsa1hj4uiomjzl6xhhlktxsmhsw.png","contentUrl":"https:\/\/www.evaporation.fr\/wp-content\/uploads\/elementor\/thumbs\/08-ReacteurAgite-3D-Front-r94wqot5qfir8iabsa1hj4uiomjzl6xhhlktxsmhsw.png"},{"@type":"BreadcrumbList","@id":"https:\/\/www.evaporation.fr\/en\/technologies\/crystallization\/stirred-reactor\/#breadcrumb","itemListElement":[{"@type":"ListItem","position":1,"name":"Home","item":"https:\/\/www.evaporation.fr\/en\/concentrate-of-solutions\/"},{"@type":"ListItem","position":2,"name":"Technologies","item":"https:\/\/www.evaporation.fr\/en\/technologies\/"},{"@type":"ListItem","position":3,"name":"Crystallization","item":"https:\/\/www.evaporation.fr\/en\/technologies\/crystallization\/"},{"@type":"ListItem","position":4,"name":"Stirred reactor"}]},{"@type":"WebSite","@id":"https:\/\/www.evaporation.fr\/en\/#website","url":"https:\/\/www.evaporation.fr\/en\/","name":"France \u00c9vaporation","description":"Concentr\u00e9 de solutions","publisher":{"@id":"https:\/\/www.evaporation.fr\/en\/#organization"},"potentialAction":[{"@type":"SearchAction","target":{"@type":"EntryPoint","urlTemplate":"https:\/\/www.evaporation.fr\/en\/?s={search_term_string}"},"query-input":{"@type":"PropertyValueSpecification","valueRequired":true,"valueName":"search_term_string"}}],"inLanguage":"en-US"},{"@type":"Organization","@id":"https:\/\/www.evaporation.fr\/en\/#organization","name":"France \u00c9vaporation","url":"https:\/\/www.evaporation.fr\/en\/","logo":{"@type":"ImageObject","inLanguage":"en-US","@id":"https:\/\/www.evaporation.fr\/en\/#\/schema\/logo\/image\/","url":"https:\/\/www.evaporation.fr\/wp-content\/uploads\/fe-logo.svg","contentUrl":"https:\/\/www.evaporation.fr\/wp-content\/uploads\/fe-logo.svg","width":131,"height":60,"caption":"France \u00c9vaporation"},"image":{"@id":"https:\/\/www.evaporation.fr\/en\/#\/schema\/logo\/image\/"},"sameAs":["https:\/\/www.facebook.com\/FranceEvaporation","https:\/\/www.linkedin.com\/company\/3760850\/","https:\/\/www.youtube.com\/@franceevaporation3610"]}]}},"_links":{"self":[{"href":"https:\/\/www.evaporation.fr\/en\/wp-json\/wp\/v2\/pages\/165","targetHints":{"allow":["GET"]}}],"collection":[{"href":"https:\/\/www.evaporation.fr\/en\/wp-json\/wp\/v2\/pages"}],"about":[{"href":"https:\/\/www.evaporation.fr\/en\/wp-json\/wp\/v2\/types\/page"}],"author":[{"embeddable":true,"href":"https:\/\/www.evaporation.fr\/en\/wp-json\/wp\/v2\/users\/1"}],"replies":[{"embeddable":true,"href":"https:\/\/www.evaporation.fr\/en\/wp-json\/wp\/v2\/comments?post=165"}],"version-history":[{"count":12,"href":"https:\/\/www.evaporation.fr\/en\/wp-json\/wp\/v2\/pages\/165\/revisions"}],"predecessor-version":[{"id":6273,"href":"https:\/\/www.evaporation.fr\/en\/wp-json\/wp\/v2\/pages\/165\/revisions\/6273"}],"up":[{"embeddable":true,"href":"https:\/\/www.evaporation.fr\/en\/wp-json\/wp\/v2\/pages\/727"}],"wp:attachment":[{"href":"https:\/\/www.evaporation.fr\/en\/wp-json\/wp\/v2\/media?parent=165"}],"curies":[{"name":"wp","href":"https:\/\/api.w.org\/{rel}","templated":true}]}}